{"id":34,"date":"2021-05-01T00:44:35","date_gmt":"2021-05-01T00:44:35","guid":{"rendered":"http:\/\/arquilozher.com\/?page_id=34"},"modified":"2024-10-06T21:21:46","modified_gmt":"2024-10-06T21:21:46","slug":"about","status":"publish","type":"page","link":"https:\/\/arquilozher.com\/?page_id=34","title":{"rendered":"About"},"content":{"rendered":"\n\n\n\n\n\n\n<p>Arq. Zayari Lozano Hern\u00e1ndez<\/p>\n<p style=\"text-align: justify;\">Desde muy peque\u00f1a ha sido amante del dibujo y las artes gr\u00e1ficas. Arquitecto egresada de la Universidad&nbsp; Nacional Experimental del T\u00e1chira ( UNET) en San Crist\u00f3bal Venezuela, tambi\u00e9n&nbsp; cuenta con&nbsp; estudios en la Scuola Internazionale di Comics en Firenze Italia, adem\u00e1s posee experiencia en la docencia Universitaria en las asignaturas de Dise\u00f1o y Dibujo,&nbsp; es ilustradora freelance y actualmente ha comenzado un proyecto independiente donde es Autora e Ilustradora de libros infantiles.&nbsp;&nbsp;<\/p>\n\n\n\n\n\n\n\n\n\n\n","protected":false},"excerpt":{"rendered":"","protected":false},"author":0,"featured_media":0,"parent":0,"menu_order":0,"comment_status":"closed","ping_status":"closed","template":"","meta":{"footnotes":""},"class_list":["post-34","page","type-page","status-publish","hentry"],"_links":{"self":[{"href":"https:\/\/arquilozher.com\/index.php?rest_route=\/wp\/v2\/pages\/34","targetHints":{"allow":["GET"]}}],"collection":[{"href":"https:\/\/arquilozher.com\/index.php?rest_route=\/wp\/v2\/pages"}],"about":[{"href":"https:\/\/arquilozher.com\/index.php?rest_route=\/wp\/v2\/types\/page"}],"replies":[{"embeddable":true,"href":"https:\/\/arquilozher.com\/index.php?rest_route=%2Fwp%2Fv2%2Fcomments&post=34"}],"version-history":[{"count":16,"href":"https:\/\/arquilozher.com\/index.php?rest_route=\/wp\/v2\/pages\/34\/revisions"}],"predecessor-version":[{"id":378,"href":"https:\/\/arquilozher.com\/index.php?rest_route=\/wp\/v2\/pages\/34\/revisions\/378"}],"wp:attachment":[{"href":"https:\/\/arquilozher.com\/index.php?rest_route=%2Fwp%2Fv2%2Fmedia&parent=34"}],"curies":[{"name":"wp","href":"https:\/\/api.w.org\/{rel}","templated":true}]}}